{"id":1484,"date":"2017-12-12T12:43:34","date_gmt":"2017-12-12T18:43:34","guid":{"rendered":"http:\/\/turismocooperativacarmelita.com\/planea-tu-viaje\/transporte\/"},"modified":"2021-05-14T23:07:23","modified_gmt":"2021-05-15T05:07:23","slug":"how-to-get-there","status":"publish","type":"page","link":"https:\/\/turismocooperativacarmelita.com\/en\/plan-your-trip\/how-to-get-there\/","title":{"rendered":"How to get there"},"content":{"rendered":"<p><strong>By plane<\/strong><br \/>\nIt is the fastest way to get to Flores from Guatemala City. There are daily flights every morning and flights that return at the end of the afternoon. The flight time is 25 to 40 minutes.<\/p>\n<p>When leaving the airport, right at the door you will find tour buses and taxis offering transportation services that can take you to your hotel or our visitor center in Flores.<\/p>\n<p><strong>By bus<\/strong><br \/>\nYou can also travel by bus, and opt for normal tourist services and first class.<\/p>\n<p>It is recommended to travel at night, since the trip is 6-8 hours, so as not to lose the day on the road and arrive very early at Flores.<\/p>\n<p><strong>By car<\/strong><br \/>\nIf you prefer to travel on your own in your car, travel from Guatemala City to the Atlantic Highway to the East of Guatemala (by CA9). You will pass through El Progreso, Izabal (R\u00edo Dulce) and from there to the north, reaching Popt\u00fan Pet\u00e9n and then Flores. The road is clearly signposted.<\/p>\n<hr>\n<h4>We manage your arrival to Pet\u00e9n by bus or plane, from anywhere in the country.<\/h4>\n<p style=\"text-align: center;\">Please, <a href=\"\/en\/contact-us\/\">contact us<\/a> to request a quote.<\/p>\n","protected":false},"excerpt":{"rendered":"<p>We manage your arrival to Pet\u00e9n by bus or plane, from anywhere in the country.<\/p>\n","protected":false},"author":1,"featured_media":1379,"parent":1483,"menu_order":10,"comment_status":"closed","ping_status":"closed","template":"page-planea.php","meta":{"ngg_post_thumbnail":0,"footnotes":""},"class_list":["post-1484","page","type-page","status-publish","has-post-thumbnail","hentry"],"_links":{"self":[{"href":"https:\/\/turismocooperativacarmelita.com\/en\/wp-json\/wp\/v2\/pages\/1484","targetHints":{"allow":["GET"]}}],"collection":[{"href":"https:\/\/turismocooperativacarmelita.com\/en\/wp-json\/wp\/v2\/pages"}],"about":[{"href":"https:\/\/turismocooperativacarmelita.com\/en\/wp-json\/wp\/v2\/types\/page"}],"author":[{"embeddable":true,"href":"https:\/\/turismocooperativacarmelita.com\/en\/wp-json\/wp\/v2\/users\/1"}],"replies":[{"embeddable":true,"href":"https:\/\/turismocooperativacarmelita.com\/en\/wp-json\/wp\/v2\/comments?post=1484"}],"version-history":[{"count":16,"href":"https:\/\/turismocooperativacarmelita.com\/en\/wp-json\/wp\/v2\/pages\/1484\/revisions"}],"predecessor-version":[{"id":1707,"href":"https:\/\/turismocooperativacarmelita.com\/en\/wp-json\/wp\/v2\/pages\/1484\/revisions\/1707"}],"up":[{"embeddable":true,"href":"https:\/\/turismocooperativacarmelita.com\/en\/wp-json\/wp\/v2\/pages\/1483"}],"wp:featuredmedia":[{"embeddable":true,"href":"https:\/\/turismocooperativacarmelita.com\/en\/wp-json\/wp\/v2\/media\/1379"}],"wp:attachment":[{"href":"https:\/\/turismocooperativacarmelita.com\/en\/wp-json\/wp\/v2\/media?parent=1484"}],"curies":[{"name":"wp","href":"https:\/\/api.w.org\/{rel}","templated":true}]}}